{"id":526,"date":"2023-09-13T11:00:21","date_gmt":"2023-09-13T09:00:21","guid":{"rendered":"http:\/\/local.ducasse-paris.com\/mention-legales-credits\/"},"modified":"2024-10-14T16:57:49","modified_gmt":"2024-10-14T14:57:49","slug":"mention-legales-credits","status":"publish","type":"page","link":"https:\/\/www.ducasse-conseil.com\/en\/mention-legales-credits\/","title":{"rendered":"Legal notices &#038; credits"},"content":{"rendered":"<h2>\u00c9diteur<\/h2>\n<p>DE GUSTIBUS SAS \u2013 DUCASSE Paris<br \/>\nSoci\u00e9t\u00e9 au capital social de 14 894,27 \u20ac<\/p>\n<p>Immeuble Bords de Seine 1<br \/>\n3 Esplanade du Foncet<br \/>\n92441 Issy-les-Moulineaux \u2013 Cedex &#8211; France<br \/>\nRCS : Nanterre B 420 833 410<\/p>\n<p>TVA intracommunautaire FR40 420 833 410.<br \/>\nE-mail : contact.webmaster@ducasse-paris.com<\/p>\n<h2>H\u00e9bergeur<\/h2>\n<p>OVH SAS &#8211; <a href=\"https:\/\/www.ovh.com\" target=\"_blank\" rel=\"noopener\">www.ovh.com<\/a><\/p>\n<p>2 rue Kellermann<br \/>\n59100 Roubaix<\/p>\n<p>E-mail : <a href=\"mailto:support@ovh.com\" target=\"_blank\" rel=\"noopener\">support@ovh.com<\/a><\/p>\n<h2>Propri\u00e9t\u00e9 intellectuelle<\/h2>\n<p>Tous les textes, commentaires, ouvrages, illustrations, \u0153uvres et images reproduits ou repr\u00e9sent\u00e9s sur le Site sont strictement r\u00e9serv\u00e9s au titre du droit d&#8217;auteur ainsi qu&#8217;au titre de la propri\u00e9t\u00e9 intellectuelle et pour le monde entier. \u00c0 ce titre et conform\u00e9ment aux dispositions du Code de la propri\u00e9t\u00e9 intellectuelle, seule l&#8217;utilisation pour un usage priv\u00e9 sous r\u00e9serve de dispositions diff\u00e9rentes voire plus restrictives du Code de la propri\u00e9t\u00e9 intellectuelle est autoris\u00e9e. Toute reproduction ou repr\u00e9sentation totale ou partielle du site ou de tout ou partie des \u00e9l\u00e9ments se trouvant sur le site est strictement interdite. Toute mise en place de liens hypertextes vers le site sans autorisation expresse de DUCASSE Paris est \u00e9galement strictement interdite. Toute utilisation frauduleuse des marques, mod\u00e8les, logos et d\u00e9nominations apparaissant sur le Site, en fraude des droits de DUCASSE Paris ainsi que de ses soci\u00e9t\u00e9s et enseignes, constitue un acte de contrefa\u00e7on susceptible d\u2019engager la responsabilit\u00e9 de son auteur sur le fondement des articles L713-2 et suivants du Code de la propri\u00e9t\u00e9 intellectuelle, et des textes communautaires et internationaux en la mati\u00e8re.<\/p>\n<h2>Politique de confidentialit\u00e9 et protection des donn\u00e9es personnelles<\/h2>\n<p>Vous pouvez consulter <a href=\"http:\/\/local.ducasse-paris.com\/donnees-personnelles\/\">ici<\/a> l\u2019ensemble de notre politique de confidentialit\u00e9.<\/p>\n<h2>Responsabilit\u00e9<\/h2>\n<p>DUCASSE Paris d\u00e9cline toute responsabilit\u00e9 en cas de difficult\u00e9 d&#8217;acc\u00e8s \u00e0 son site ou d&#8217;interruptions dans la connexion quelles qu&#8217;en soient les causes. De plus, il ne saurait \u00eatre tenu responsable d&#8217;un dommage ou virus qui pourrait infecter votre ordinateur ou tout mat\u00e9riel informatique, suite \u00e0 une utilisation du site ou acc\u00e8s au site ou t\u00e9l\u00e9chargement provenant de ce site.<\/p>\n<h2>Exon\u00e9ration de la responsabilit\u00e9 technique<\/h2>\n<p>DUCASSE Paris ne saurait garantir l\u2019exactitude et l\u2019exhaustivit\u00e9 des informations diffus\u00e9es sur le site. Il ne saurait ainsi \u00eatre tenu pour responsable<br \/>\ndes erreurs ou omissions, ainsi que des indisponibilit\u00e9s d\u2019informations. Les informations consultables sur le site le sont \u00e0 titre informatif et constituent une offre de services et de produits. Elles sont susceptibles d&#8217;\u00eatre modifi\u00e9es \u00e0 tout moment, compte tenu de l&#8217;interactivit\u00e9 du site, sans que cela puisse engager la responsabilit\u00e9 de DUCASSE Paris.<\/p>\n<h2>Exon\u00e9ration de la responsabilit\u00e9 du contenu des sites r\u00e9f\u00e9renc\u00e9s<\/h2>\n<p>Les liens hypertextes mis en place dans le cadre du pr\u00e9sent site Internet en direction d&#8217;autres ressources pr\u00e9sentes sur le r\u00e9seau Internet ne sont propos\u00e9s que pour des raisons de commodit\u00e9 et ni leur contenu ou les liens qu&#8217;ils contiennent, ni les changements ou mises \u00e0 jour qui leur sont apport\u00e9s ne sauraient engager la responsabilit\u00e9 du site www.ducasse-paris.com<\/p>\n<h2>Cookies<\/h2>\n<p>Ce site utilise des cookies. Il s\u2019agit de fichiers contenant un identifiant envoy\u00e9 depuis un serveur web vers le navigateur Web, puis stock\u00e9s<br \/>\nsur l\u2019ordinateur des utilisateurs. Ils peuvent \u00eatre utilis\u00e9s pour faciliter l\u2019acc\u00e8s et suivre le parcours de l\u2019utilisateur lors de sa navigation sur le site.<br \/>\nLors de la consultation du site, l\u2019utilisateur peut aussi recevoir des cookies de tiers, notamment de Google Analytics. Cette solution nous permet d\u2019analyser l\u2019utilisation du site et de g\u00e9n\u00e9rer des statistiques de consultation. Les r\u00e8gles de confidentialit\u00e9 de Google sont accessibles \u00e0 l\u2019adresse <a href=\"https:\/\/www.google.fr\/intl\/fr\/policies\/\" target=\"_blank\" rel=\"noopener\">https:\/\/www.google.fr\/intl\/fr\/policies\/<\/a><\/p>\n<p>Il est possible d\u2019accepter ou de refuser les cookies. Le param\u00e9trage en mati\u00e8re de gestion des cookies d\u00e9pendent de votre navigateur.<br \/>\nLes informations relatives \u00e0 la gestion des cookies pour les principaux navigateurs sont accessibles aux adresses ci-dessous :<\/p>\n<ul>\n<li>Pour Internet Explorer : <a href=\"https:\/\/support.microsoft.com\/fr-fr\/help\/17442\/windows-internet-explorer-delete-manage-cookies\" target=\"_blank\" rel=\"noopener\">https:\/\/support.microsoft.com\/fr-fr\/help\/17442\/windows-internet-explorer-delete-manage-cookies<\/a><\/li>\n<li>Pour Chrome : <a href=\"http:\/\/support.google.com\/chrome\/bin\/answer.py?hl=fr&amp;hlrm=en&amp;answer=95647\" target=\"_blank\" rel=\"noopener\">http:\/\/support.google.com\/chrome\/bin\/answer.py?hl=fr&amp;hlrm=en&amp;answer=95647<\/a><\/li>\n<li>Pour Safari : <a href=\"http:\/\/support.apple.com\/kb\/HT1677?viewlocale=fr_FR\" target=\"_blank\" rel=\"noopener\">http:\/\/support.apple.com\/kb\/HT1677?viewlocale=fr_FR<\/a><\/li>\n<li>Pour Firefox : <a href=\"http:\/\/support.mozilla.org\/fr\/kb\/activer-desactiver-cookiesredirectlocale=fr&amp;redirectslug=Activer+et+d%C3%A9sactiver+les+cookies\" target=\"_blank\" rel=\"noopener\">http:\/\/support.mozilla.org\/fr\/kb\/activer-desactiver-cookiesredirectlocale=fr&amp;redirectslug=Activer+et+d%C3%A9sactiver+les+cookies<\/a><\/li>\n<li>Pour Op\u00e9ra : <a href=\"http:\/\/help.opera.com\/Windows\/10.20\/fr\/cookies.html\" target=\"_blank\" rel=\"noopener\">http:\/\/help.opera.com\/Windows\/10.20\/fr\/cookies.html<\/a><\/li>\n<\/ul>\n<h2>Loi applicable<\/h2>\n<p>Les pr\u00e9sentes conditions g\u00e9n\u00e9rales sont r\u00e9gies exclusivement par la loi fran\u00e7aise. La langue des pr\u00e9sentes mentions est la langue fran\u00e7aise. En cas de traduction, seule la version fran\u00e7aise fait foi. A d\u00e9faut de r\u00e8glement amiable, le Tribunal de commerce de Nanterre sera seul comp\u00e9tent pour tout litige ou diff\u00e9rent les concernant.<\/p>\n<h2>Mise \u00e0 jour<\/h2>\n<p>Nous pouvons \u00eatre amen\u00e9s \u00e0 modifier cette page p\u00e9riodiquement. En cons\u00e9quence, nous vous invitons \u00e0 consulter r\u00e9guli\u00e8rement nos mentions l\u00e9gales.<\/p>\n<h2>Cr\u00e9dits<\/h2>\n<p>Conception, design et production site Internet : Symediane <a href=\"http:\/\/www.symediane.com\" target=\"_blank\" rel=\"noopener\">www.symediane.com<\/a><br \/>\nD\u00e9veloppement back site Internet : Symediane <a href=\"http:\/\/www.symediane.com\" target=\"_blank\" rel=\"noopener\">www.symediane.com<\/a><br \/>\nD\u00e9veloppement front site Internet : Symediane <a href=\"http:\/\/www.symediane.com\" target=\"_blank\" rel=\"noopener\">www.symediane.com<\/a><br \/>\nLogo et identit\u00e9 graphique : Pierre Tachon, Soins graphiques &#8211; <a href=\"http:\/\/www.soinsgraphiques.com\" target=\"_blank\" rel=\"noopener\">www.soinsgraphiques.com<\/a><br \/>\nConseil \u00e9ditorial : Marc Loiseau \u2013 <a href=\"http:\/\/loiseau-conseil.com\/\" target=\"_blank\" rel=\"noopener\">loiseau-conseil.com<\/a><\/p>\n<h2>Vid\u00e9o introduction<\/h2>\n<p>Extraits des films le Chocolat Alain Ducasse, Alain Ducasse au Plaza Ath\u00e9n\u00e9e, Ducasse au ch\u00e2teau de Versailles &#8211; R\u00e9alisation Simon P\u00e9nochet \/ Production: Blast production &#8211; <a href=\"http:\/\/www.blast-production.fr\" target=\"_blank\" rel=\"noopener\">www.blast-production.fr<\/a><\/p>\n<h2>Cr\u00e9dits photographiques<\/h2>\n<ul>\n<li><a href=\"https:\/\/pierremonetta.format.com\/\" target=\"_blank\" rel=\"noopener\">Pierre Monetta<\/a><\/li>\n<li><a href=\"http:\/\/ateliermai98.com\/\" target=\"_blank\" rel=\"noopener\">Atelier Mai 98<\/a><\/li>\n<li>Aimery Chemin<\/li>\n<li>Andrea Vierucci<\/li>\n<li>Beno\u00eet Linero<\/li>\n<li>Bernard Touillon<\/li>\n<li>Brian Brown<\/li>\n<li>Bruce Buck<\/li>\n<li>Christian Larit<\/li>\n<li>Carrie Solomon<\/li>\n<li>Christian Trampenau<\/li>\n<li>Daniel Mordzinski<\/li>\n<li>David Bordes<\/li>\n<li>Didier Loire<\/li>\n<li>E.Toll<\/li>\n<li>Eric Laignel<\/li>\n<li>Evan Sung<\/li>\n<li>F.Ducout<\/li>\n<li>Francois Goudier<\/li>\n<li>Frederic Vasseur<\/li>\n<li>Giovanni Cecchinato<\/li>\n<li>Jean-Marie Del Moral<\/li>\n<li>Joerg Lehmann<\/li>\n<li>Judith Edelmann<\/li>\n<li>Kayoko Nonamura<\/li>\n<li>Lyn Hughes<\/li>\n<li>Lyu Hanabusa<\/li>\n<li>Marcel Jolibois<\/li>\n<li>Marie Hennechart<\/li>\n<li>Matt Aletti<\/li>\n<li>Matthieu Cellard<\/li>\n<li>Michael Piazza<\/li>\n<li>Nicolas Buisson<\/li>\n<li>Nicolas Louis<\/li>\n<li>Oliviero Toscani<\/li>\n<li>Philippe Schaff<\/li>\n<li>SBM Monte Carlo<\/li>\n<li>Stefano Scatta<\/li>\n<li>Takashi Watanabe<\/li>\n<li>Thomas Delhemmes<\/li>\n<li>Thomas Duval<\/li>\n<li>Vanessa Von Zitzewitz<\/li>\n<\/ul>\n","protected":false},"excerpt":{"rendered":"<p>\u00c9diteur DE GUSTIBUS SAS \u2013 DUCASSE Paris Soci\u00e9t\u00e9 au capital social de 14 894,27 \u20ac Immeuble Bords de Seine 1 3 Esplanade du Foncet 92441 Issy-les-Moulineaux \u2013 Cedex &#8211; France RCS : Nanterre B 420 833 410 TVA intracommunautaire FR40 420 833 410. E-mail : contact.webmaster@ducasse-paris.com H\u00e9bergeur OVH SAS &#8211; www.ovh.com 2 rue Kellermann 59100 [&hellip;]<\/p>\n","protected":false},"author":1,"featured_media":0,"parent":0,"menu_order":8,"comment_status":"closed","ping_status":"closed","template":"","meta":{"_acf_changed":false,"inline_featured_image":false,"footnotes":""},"class_list":["post-526","page","type-page","status-publish","hentry"],"acf":[],"yoast_head":"<!-- This site is optimized with the Yoast SEO plugin v24.7 - https:\/\/yoast.com\/wordpress\/plugins\/seo\/ -->\n<title>Legal notices &amp; credits - Ducasse Conseil<\/title>\n<meta name=\"description\" content=\"Review the legal notice of Ducasse Conseil. Find our legal information, terms of use, and privacy policies.\" \/>\n<meta name=\"robots\" content=\"index, follow, max-snippet:-1, max-image-preview:large, max-video-preview:-1\" \/>\n<link rel=\"canonical\" href=\"https:\/\/www.ducasse-conseil.com\/en\/mention-legales-credits\/\" \/>\n<meta property=\"og:locale\" content=\"en_US\" \/>\n<meta property=\"og:type\" content=\"article\" \/>\n<meta property=\"og:title\" content=\"Legal notices &amp; credits - Ducasse Conseil\" \/>\n<meta property=\"og:description\" content=\"Review the legal notice of Ducasse Conseil. Find our legal information, terms of use, and privacy policies.\" \/>\n<meta property=\"og:url\" content=\"https:\/\/www.ducasse-conseil.com\/en\/mention-legales-credits\/\" \/>\n<meta property=\"og:site_name\" content=\"Ducasse Conseil\" \/>\n<meta property=\"article:modified_time\" content=\"2024-10-14T14:57:49+00:00\" \/>\n<meta name=\"twitter:card\" content=\"summary_large_image\" \/>\n<meta name=\"twitter:label1\" content=\"Est. reading time\" \/>\n\t<meta name=\"twitter:data1\" content=\"5 minutes\" \/>\n<script type=\"application\/ld+json\" class=\"yoast-schema-graph\">{\"@context\":\"https:\/\/schema.org\",\"@graph\":[{\"@type\":\"WebPage\",\"@id\":\"https:\/\/www.ducasse-conseil.com\/en\/mention-legales-credits\/\",\"url\":\"https:\/\/www.ducasse-conseil.com\/en\/mention-legales-credits\/\",\"name\":\"Legal notices & credits - Ducasse Conseil\",\"isPartOf\":{\"@id\":\"https:\/\/www.ducasse-conseil.com\/en\/#website\"},\"datePublished\":\"2023-09-13T09:00:21+00:00\",\"dateModified\":\"2024-10-14T14:57:49+00:00\",\"description\":\"Review the legal notice of Ducasse Conseil. Find our legal information, terms of use, and privacy policies.\",\"breadcrumb\":{\"@id\":\"https:\/\/www.ducasse-conseil.com\/en\/mention-legales-credits\/#breadcrumb\"},\"inLanguage\":\"en-US\",\"potentialAction\":[{\"@type\":\"ReadAction\",\"target\":[\"https:\/\/www.ducasse-conseil.com\/en\/mention-legales-credits\/\"]}]},{\"@type\":\"BreadcrumbList\",\"@id\":\"https:\/\/www.ducasse-conseil.com\/en\/mention-legales-credits\/#breadcrumb\",\"itemListElement\":[{\"@type\":\"ListItem\",\"position\":1,\"name\":\"Accueil\",\"item\":\"https:\/\/www.ducasse-conseil.com\/en\/\"},{\"@type\":\"ListItem\",\"position\":2,\"name\":\"Legal notices &#038; credits\"}]},{\"@type\":\"WebSite\",\"@id\":\"https:\/\/www.ducasse-conseil.com\/en\/#website\",\"url\":\"https:\/\/www.ducasse-conseil.com\/en\/\",\"name\":\"Ducasse Conseil\",\"description\":\"\",\"potentialAction\":[{\"@type\":\"SearchAction\",\"target\":{\"@type\":\"EntryPoint\",\"urlTemplate\":\"https:\/\/www.ducasse-conseil.com\/en\/?s={search_term_string}\"},\"query-input\":{\"@type\":\"PropertyValueSpecification\",\"valueRequired\":true,\"valueName\":\"search_term_string\"}}],\"inLanguage\":\"en-US\"}]}<\/script>\n<!-- \/ Yoast SEO plugin. -->","yoast_head_json":{"title":"Legal notices & credits - Ducasse Conseil","description":"Review the legal notice of Ducasse Conseil. Find our legal information, terms of use, and privacy policies.","robots":{"index":"index","follow":"follow","max-snippet":"max-snippet:-1","max-image-preview":"max-image-preview:large","max-video-preview":"max-video-preview:-1"},"canonical":"https:\/\/www.ducasse-conseil.com\/en\/mention-legales-credits\/","og_locale":"en_US","og_type":"article","og_title":"Legal notices & credits - Ducasse Conseil","og_description":"Review the legal notice of Ducasse Conseil. Find our legal information, terms of use, and privacy policies.","og_url":"https:\/\/www.ducasse-conseil.com\/en\/mention-legales-credits\/","og_site_name":"Ducasse Conseil","article_modified_time":"2024-10-14T14:57:49+00:00","twitter_card":"summary_large_image","twitter_misc":{"Est. reading time":"5 minutes"},"schema":{"@context":"https:\/\/schema.org","@graph":[{"@type":"WebPage","@id":"https:\/\/www.ducasse-conseil.com\/en\/mention-legales-credits\/","url":"https:\/\/www.ducasse-conseil.com\/en\/mention-legales-credits\/","name":"Legal notices & credits - Ducasse Conseil","isPartOf":{"@id":"https:\/\/www.ducasse-conseil.com\/en\/#website"},"datePublished":"2023-09-13T09:00:21+00:00","dateModified":"2024-10-14T14:57:49+00:00","description":"Review the legal notice of Ducasse Conseil. Find our legal information, terms of use, and privacy policies.","breadcrumb":{"@id":"https:\/\/www.ducasse-conseil.com\/en\/mention-legales-credits\/#breadcrumb"},"inLanguage":"en-US","potentialAction":[{"@type":"ReadAction","target":["https:\/\/www.ducasse-conseil.com\/en\/mention-legales-credits\/"]}]},{"@type":"BreadcrumbList","@id":"https:\/\/www.ducasse-conseil.com\/en\/mention-legales-credits\/#breadcrumb","itemListElement":[{"@type":"ListItem","position":1,"name":"Accueil","item":"https:\/\/www.ducasse-conseil.com\/en\/"},{"@type":"ListItem","position":2,"name":"Legal notices &#038; credits"}]},{"@type":"WebSite","@id":"https:\/\/www.ducasse-conseil.com\/en\/#website","url":"https:\/\/www.ducasse-conseil.com\/en\/","name":"Ducasse Conseil","description":"","potentialAction":[{"@type":"SearchAction","target":{"@type":"EntryPoint","urlTemplate":"https:\/\/www.ducasse-conseil.com\/en\/?s={search_term_string}"},"query-input":{"@type":"PropertyValueSpecification","valueRequired":true,"valueName":"search_term_string"}}],"inLanguage":"en-US"}]}},"_links":{"self":[{"href":"https:\/\/www.ducasse-conseil.com\/en\/wp-json\/wp\/v2\/pages\/526","targetHints":{"allow":["GET"]}}],"collection":[{"href":"https:\/\/www.ducasse-conseil.com\/en\/wp-json\/wp\/v2\/pages"}],"about":[{"href":"https:\/\/www.ducasse-conseil.com\/en\/wp-json\/wp\/v2\/types\/page"}],"author":[{"embeddable":true,"href":"https:\/\/www.ducasse-conseil.com\/en\/wp-json\/wp\/v2\/users\/1"}],"replies":[{"embeddable":true,"href":"https:\/\/www.ducasse-conseil.com\/en\/wp-json\/wp\/v2\/comments?post=526"}],"version-history":[{"count":1,"href":"https:\/\/www.ducasse-conseil.com\/en\/wp-json\/wp\/v2\/pages\/526\/revisions"}],"predecessor-version":[{"id":539,"href":"https:\/\/www.ducasse-conseil.com\/en\/wp-json\/wp\/v2\/pages\/526\/revisions\/539"}],"wp:attachment":[{"href":"https:\/\/www.ducasse-conseil.com\/en\/wp-json\/wp\/v2\/media?parent=526"}],"curies":[{"name":"wp","href":"https:\/\/api.w.org\/{rel}","templated":true}]}}